{"id":206,"date":"2026-03-30T11:23:36","date_gmt":"2026-03-30T17:23:36","guid":{"rendered":"https:\/\/www.unentity.com\/store\/?post_type=product&#038;p=206"},"modified":"2026-04-01T13:47:43","modified_gmt":"2026-04-01T19:47:43","slug":"entrada-evento-6-6-26","status":"publish","type":"product","link":"https:\/\/www.unentity.com\/store\/product\/entrada-evento-6-6-26\/","title":{"rendered":"Entrada Evento 6-6-26 GDL"},"content":{"rendered":"<p>Entrada foliada, boleto f\u00edsico para UNENTITY en vivo en Guadalajara. Entrega gratuita, en el lugar y d\u00eda del evento. Con identificaci\u00f3n.<\/p>\n<p>Al comprar recibir\u00e1s un correo con tu folio y una clave. Puedes solicitar entrega (a acordar) o bien recoger el d\u00eda del evento en la entrada.<\/p>\n<p>Entregas:<br \/>\n&#8211; Se puede recoger en la entrada del evento con identificaci\u00f3n y comprobante o clave de pago recibida<br \/>\n&#8211; Se puede gratuito en Guadalajara, previo acuerdo de lugar fecha y hora.<\/p>\n<p>Solo se puede ingresar con el boleto f\u00edsico.<\/p>\n<p>Precio exclusivamente en l\u00ednea y hasta el 4 de Junio de 2026.<br \/>\nPrecio en taquilla: $200<\/p>\n<ul>\n<li>Fecha: 6 de Junio de 2026<\/li>\n<li>Lugar: RITVUAL. Lopez Cotilla 570, Guadalajara, Jal<\/li>\n<li>Puertas: 8pm, Evento: 9pm<\/li>\n<\/ul>\n<p>&nbsp;<\/p>\n<p>&nbsp;<\/p>\n","protected":false},"excerpt":{"rendered":"<p>Entrada, boleto f\u00edsico (entregable el d\u00eda del evento o a acordar). Evento: 6 Junio 2026, Guadalajara.<\/p>\n","protected":false},"featured_media":207,"template":"","meta":[],"product_brand":[],"product_cat":[35],"product_tag":[],"class_list":{"0":"post-206","1":"product","2":"type-product","3":"status-publish","4":"has-post-thumbnail","6":"product_cat-tickets","8":"first","9":"instock","10":"sale","11":"featured","12":"virtual","13":"purchasable","14":"product-type-simple"},"_links":{"self":[{"href":"https:\/\/www.unentity.com\/store\/wp-json\/wp\/v2\/product\/206","targetHints":{"allow":["GET"]}}],"collection":[{"href":"https:\/\/www.unentity.com\/store\/wp-json\/wp\/v2\/product"}],"about":[{"href":"https:\/\/www.unentity.com\/store\/wp-json\/wp\/v2\/types\/product"}],"wp:featuredmedia":[{"embeddable":true,"href":"https:\/\/www.unentity.com\/store\/wp-json\/wp\/v2\/media\/207"}],"wp:attachment":[{"href":"https:\/\/www.unentity.com\/store\/wp-json\/wp\/v2\/media?parent=206"}],"wp:term":[{"taxonomy":"product_brand","embeddable":true,"href":"https:\/\/www.unentity.com\/store\/wp-json\/wp\/v2\/product_brand?post=206"},{"taxonomy":"product_cat","embeddable":true,"href":"https:\/\/www.unentity.com\/store\/wp-json\/wp\/v2\/product_cat?post=206"},{"taxonomy":"product_tag","embeddable":true,"href":"https:\/\/www.unentity.com\/store\/wp-json\/wp\/v2\/product_tag?post=206"}],"curies":[{"name":"wp","href":"https:\/\/api.w.org\/{rel}","templated":true}]}}